{"id":282,"date":"2026-03-30T10:48:35","date_gmt":"2026-03-30T10:48:35","guid":{"rendered":"https:\/\/asso-wipeout.com\/?page_id=282"},"modified":"2026-03-31T08:51:06","modified_gmt":"2026-03-31T08:51:06","slug":"la-mise-a-leau","status":"publish","type":"page","link":"https:\/\/asso-wipeout.com\/index.php\/la-mise-a-leau\/","title":{"rendered":"LA MISE \u00c0 L&rsquo;EAU"},"content":{"rendered":"\n<style type=\"text\/css\" data-created_by=\"avia_inline_auto\" id=\"style-css-av-5t0qne-806e31341d040e0201dfd51c7b238292\">\n.avia-section.av-5t0qne-806e31341d040e0201dfd51c7b238292{\nbackground-repeat:no-repeat;\nbackground-image:url(https:\/\/asso-wipeout.com\/wp-content\/uploads\/2026\/03\/expositions.jpg);\nbackground-position:50% 50%;\nbackground-attachment:scroll;\nposition:relative;\n}\n.avia-section.av-5t0qne-806e31341d040e0201dfd51c7b238292 .av-section-color-overlay{\nopacity:0.5;\nbackground-image:url(https:\/\/asso-wipeout.com\/wp-content\/themes\/enfold\/images\/background-images\/noise-for-light-background-compressed.png);\nbackground-repeat:repeat;\n}\n.avia-section.av-5t0qne-806e31341d040e0201dfd51c7b238292 .avia-divider-svg-bottom svg{\nheight:50px;\nwidth:calc(293% + 1.3px);\nfill:#ffffff;\n}\n<\/style>\n<div id='av_section_1'  class='avia-section av-5t0qne-806e31341d040e0201dfd51c7b238292 main_color avia-section-default avia-no-border-styling  avia-builder-el-0  avia-builder-el-no-sibling  avia-full-stretch avia-bg-style-scroll av-section-color-overlay-active av-minimum-height av-minimum-height-75 av-height-75  container_wrap fullsize'  data-section-bg-repeat='stretch' data-av_minimum_height_pc='75' data-av_min_height_opt='75'><div class='avia-divider-svg avia-divider-svg-mountains avia-divider-svg-bottom avia-to-front avia-svg-original'><svg xmlns=\"http:\/\/www.w3.org\/2000\/svg\" viewBox=\"0 0 1000 100\" preserveAspectRatio=\"none\">\n\t<path opacity=\"0.33\" d=\"M473,67.3c-203.9,88.3-263.1-34-320.3,0C66,119.1,0,59.7,0,59.7V0h1000v59.7 c0,0-62.1,26.1-94.9,29.3c-32.8,3.3-62.8-12.3-75.8-22.1C806,49.6,745.3,8.7,694.9,4.7S492.4,59,473,67.3z\"\/>\n\t<path opacity=\"0.66\" d=\"M734,67.3c-45.5,0-77.2-23.2-129.1-39.1c-28.6-8.7-150.3-10.1-254,39.1 s-91.7-34.4-149.2,0C115.7,118.3,0,39.8,0,39.8V0h1000v36.5c0,0-28.2-18.5-92.1-18.5C810.2,18.1,775.7,67.3,734,67.3z\"\/>\n\t<path d=\"M766.1,28.9c-200-57.5-266,65.5-395.1,19.5C242,1.8,242,5.4,184.8,20.6C128,35.8,132.3,44.9,89.9,52.5C28.6,63.7,0,0,0,0 h1000c0,0-9.9,40.9-83.6,48.1S829.6,47,766.1,28.9z\"\/>\n<\/svg><\/div><div class=\"av-section-color-overlay-wrap\"><div class=\"av-section-color-overlay\"><\/div><div class='container av-section-cont-open' ><main  role=\"main\" itemprop=\"mainContentOfPage\"  class='template-page content  av-content-full alpha units'><div class='post-entry post-entry-type-page post-entry-282'><div class='entry-content-wrapper clearfix'>\n<div  class='flex_column av-5m1fky-d9159fad79322a289d516b55c5c01369 av_one_half  avia-builder-el-1  el_before_av_one_half  avia-builder-el-first  first flex_column_div  '     ><\/div>\n<style type=\"text\/css\" data-created_by=\"avia_inline_auto\" id=\"style-css-av-mndauk6u-bf7150427772498356c9e4375f484a21\">\n.flex_column.av-mndauk6u-bf7150427772498356c9e4375f484a21{\nborder-radius:5px 5px 5px 5px;\npadding:0 0 0 0;\n}\n<\/style>\n<div  class='flex_column av-mndauk6u-bf7150427772498356c9e4375f484a21 av_one_half  avia-builder-el-2  el_after_av_one_half  el_before_av_one_half  flex_column_div av-zero-column-padding  '     ><style type=\"text\/css\" data-created_by=\"avia_inline_auto\" id=\"style-css-av-5dm7oq-43959c5fb952d20731ef9ecb50ce5ad9\">\n#top .av-special-heading.av-5dm7oq-43959c5fb952d20731ef9ecb50ce5ad9{\npadding-bottom:10px;\ncolor:#ffffff;\n}\nbody .av-special-heading.av-5dm7oq-43959c5fb952d20731ef9ecb50ce5ad9 .av-special-heading-tag .heading-char{\nfont-size:25px;\n}\n.av-special-heading.av-5dm7oq-43959c5fb952d20731ef9ecb50ce5ad9 .special-heading-inner-border{\nborder-color:#ffffff;\n}\n.av-special-heading.av-5dm7oq-43959c5fb952d20731ef9ecb50ce5ad9 .av-subheading{\nfont-size:30px;\ncolor:#e62c58;\n}\n<\/style>\n<div  class='av-special-heading av-5dm7oq-43959c5fb952d20731ef9ecb50ce5ad9 av-special-heading-h1 custom-color-heading blockquote modern-quote modern-centered  avia-builder-el-3  avia-builder-el-no-sibling '><div class='av_custom_color av-subheading av-subheading_above'><p>du 11 au 16 avril<\/p>\n<\/div><h1 class='av-special-heading-tag '  itemprop=\"headline\"  >LA MISE \u00c0 L\u2019EAU<\/h1><div class=\"special-heading-border\"><div class=\"special-heading-inner-border\"><\/div><\/div><\/div><\/div>\n<style type=\"text\/css\" data-created_by=\"avia_inline_auto\" id=\"style-css-av-mndau86u-f6d386b816a927226ec0fbb8430c52fe\">\n.flex_column.av-mndau86u-f6d386b816a927226ec0fbb8430c52fe{\nborder-radius:5px 5px 5px 5px;\npadding:10px 10px 10px 10px;\n}\n<\/style>\n<div  class='flex_column av-mndau86u-f6d386b816a927226ec0fbb8430c52fe av_one_half  avia-builder-el-4  el_after_av_one_half  el_before_av_one_half  first flex_column_div  column-top-margin'     ><\/div>\n<style type=\"text\/css\" data-created_by=\"avia_inline_auto\" id=\"style-css-av-4ildo2-3e275f13911b34e78f0a89613bdd0ff3\">\n.flex_column.av-4ildo2-3e275f13911b34e78f0a89613bdd0ff3{\nborder-radius:5px 5px 5px 5px;\npadding:20px 20px 20px 20px;\nbackground-color:#ffffff;\n}\n<\/style>\n<div  class='flex_column av-4ildo2-3e275f13911b34e78f0a89613bdd0ff3 av_one_half  avia-builder-el-5  el_after_av_one_half  avia-builder-el-last  flex_column_div  column-top-margin'     ><p>\n<style type=\"text\/css\" data-created_by=\"avia_inline_auto\" id=\"style-css-av-463omi-69d616207c9e95a7f0d1f8f90a0c546a\">\n#top .av-special-heading.av-463omi-69d616207c9e95a7f0d1f8f90a0c546a{\npadding-bottom:10px;\ncolor:#e62c58;\n}\nbody .av-special-heading.av-463omi-69d616207c9e95a7f0d1f8f90a0c546a .av-special-heading-tag .heading-char{\nfont-size:25px;\n}\n.av-special-heading.av-463omi-69d616207c9e95a7f0d1f8f90a0c546a .special-heading-inner-border{\nborder-color:#e62c58;\n}\n.av-special-heading.av-463omi-69d616207c9e95a7f0d1f8f90a0c546a .av-subheading{\nfont-size:15px;\n}\n<\/style>\n<div  class='av-special-heading av-463omi-69d616207c9e95a7f0d1f8f90a0c546a av-special-heading-h2 custom-color-heading blockquote modern-quote modern-centered  avia-builder-el-6  el_before_av_textblock  avia-builder-el-first '><h2 class='av-special-heading-tag '  itemprop=\"headline\"  >EXPOSITION<\/h2><div class=\"special-heading-border\"><div class=\"special-heading-inner-border\"><\/div><\/div><\/div><br \/>\n\n<style type=\"text\/css\" data-created_by=\"avia_inline_auto\" id=\"style-css-av-43gti2-373ca0234c4d3021123508f2b6fca1c4\">\n#top .av_textblock_section.av-43gti2-373ca0234c4d3021123508f2b6fca1c4 .avia_textblock{\ncolor:#e62c58;\n}\n<\/style>\n<section  class='av_textblock_section av-43gti2-373ca0234c4d3021123508f2b6fca1c4 '   itemscope=\"itemscope\" itemtype=\"https:\/\/schema.org\/CreativeWork\" ><div class='avia_textblock av_inherit_color'  itemprop=\"text\" ><p style=\"text-align: center;\">Exposition d&rsquo;artistes locaux \u00e0 La Galerie Derri\u00e8re l&rsquo;\u00c9glise \u00e0 La Couarde sur Mer<\/p>\n<h4 style=\"text-align: center;\">Soir\u00e9e d&rsquo;inauguration le samedi 11 avril \u00e0 partir de 18h<\/h4>\n<h4 style=\"text-align: center;\">MUSIC, DRINKS &amp; FOOD<\/h4>\n<\/div><\/section><br \/>\n\n<style type=\"text\/css\" data-created_by=\"avia_inline_auto\" id=\"style-css-av-mnd9icp2-64c6a8385947a6cef35e5c5adb6552e1\">\n.avia-content-slider-element-container.av-mnd9icp2-64c6a8385947a6cef35e5c5adb6552e1{\ncolor:#e62c58;\n}\n<\/style>\n<div  class='avia-content-slider-element-container av-mnd9icp2-64c6a8385947a6cef35e5c5adb6552e1 avia-content-slider-element-slider avia-content-slider avia-smallarrow-slider avia-content-slider-active avia-content-slider-odd  avia-builder-el-8  el_after_av_textblock  avia-builder-el-last  av-slideshow-ui av-control-default av-nav-arrows-visible av-nav-dots-visible av-hide-nav-arrows av-slideshow-autoplay av-loop-endless av-loop-manual-endless av_inherit_color avia-content-slider1' data-slideshow-options=\"{&quot;animation&quot;:&quot;slide&quot;,&quot;autoplay&quot;:true,&quot;loop_autoplay&quot;:&quot;endless&quot;,&quot;interval&quot;:5,&quot;loop_manual&quot;:&quot;manual-endless&quot;,&quot;autoplay_stopper&quot;:false,&quot;noNavigation&quot;:false,&quot;bg_slider&quot;:false,&quot;keep_padding&quot;:&quot;&quot;,&quot;hoverpause&quot;:false,&quot;show_slide_delay&quot;:30}\"><div class='avia-smallarrow-slider-heading  no-content-slider-heading '><div class='new-special-heading'>&nbsp;<\/div><div class='avia-slideshow-arrows avia-slideshow-controls' ><a href='#prev' class='prev-slide  avia-svg-icon avia-font-svg_entypo-fontello' data-av_svg_icon='left-open-big' data-av_iconset='svg_entypo-fontello' tabindex='-1' title=\"Pr\u00e9c\u00e9dent\"><svg version=\"1.1\" xmlns=\"http:\/\/www.w3.org\/2000\/svg\" width=\"15\" height=\"32\" viewBox=\"0 0 15 32\" preserveAspectRatio=\"xMidYMid meet\" aria-labelledby='av-svg-title-1' aria-describedby='av-svg-desc-1' role=\"graphics-symbol\" aria-hidden=\"true\">\n<title id='av-svg-title-1'>Pr\u00e9c\u00e9dent<\/title>\n<desc id='av-svg-desc-1'>Pr\u00e9c\u00e9dent<\/desc>\n<path d=\"M14.464 27.84q0.832 0.832 0 1.536-0.832 0.832-1.536 0l-12.544-12.608q-0.768-0.768 0-1.6l12.544-12.608q0.704-0.832 1.536 0 0.832 0.704 0 1.536l-11.456 11.904z\"><\/path>\n<\/svg><span class='avia_hidden_link_text'>Pr\u00e9c\u00e9dent<\/span><\/a><a href='#next' class='next-slide  avia-svg-icon avia-font-svg_entypo-fontello' data-av_svg_icon='right-open-big' data-av_iconset='svg_entypo-fontello' tabindex='-1' title=\"Suivant\"><svg version=\"1.1\" xmlns=\"http:\/\/www.w3.org\/2000\/svg\" width=\"15\" height=\"32\" viewBox=\"0 0 15 32\" preserveAspectRatio=\"xMidYMid meet\" aria-labelledby='av-svg-title-2' aria-describedby='av-svg-desc-2' role=\"graphics-symbol\" aria-hidden=\"true\">\n<title id='av-svg-title-2'>Suivant<\/title>\n<desc id='av-svg-desc-2'>Suivant<\/desc>\n<path d=\"M0.416 27.84l11.456-11.84-11.456-11.904q-0.832-0.832 0-1.536 0.832-0.832 1.536 0l12.544 12.608q0.768 0.832 0 1.6l-12.544 12.608q-0.704 0.832-1.536 0-0.832-0.704 0-1.536z\"><\/path>\n<\/svg><span class='avia_hidden_link_text'>Suivant<\/span><\/a><\/div><div class='avia-slideshow-dots avia-slideshow-controls'><a href='#1' class='goto-slide active' >1<\/a><a href='#2' class='goto-slide ' >2<\/a><a href='#3' class='goto-slide ' >3<\/a><a href='#4' class='goto-slide ' >4<\/a><a href='#5' class='goto-slide ' >5<\/a><a href='#6' class='goto-slide ' >6<\/a><a href='#7' class='goto-slide ' >7<\/a><\/div><\/div><div class=\"avia-content-slider-inner\"><div class=\"slide-entry-wrap\"><section class='slide-entry av-mnd9ibq5-192a3f85733af3616cd34ecdb12370f0 flex_column av_fullwidth post-entry slide-entry-overview slide-loop-1 slide-parity-odd  first'  itemscope=\"itemscope\" itemtype=\"https:\/\/schema.org\/CreativeWork\" ><h3 class='slide-entry-title entry-title '  itemprop=\"headline\" >SHARK IN THE KILN<\/h3><\/section><\/div><div class=\"slide-entry-wrap\"><section class='slide-entry av-mnd9mzv5-d3cee4704daf79d027c776c5c0228d7b flex_column av_fullwidth post-entry slide-entry-overview slide-loop-2 slide-parity-odd  first'  itemscope=\"itemscope\" itemtype=\"https:\/\/schema.org\/CreativeWork\" ><h3 class='slide-entry-title entry-title '  itemprop=\"headline\" >YOURS<\/h3><\/section><\/div><div class=\"slide-entry-wrap\"><section class='slide-entry av-mnd9nxwk-001e82d275c1d55424758a0a2b06eec9 flex_column av_fullwidth post-entry slide-entry-overview slide-loop-3 slide-parity-odd  first'  itemscope=\"itemscope\" itemtype=\"https:\/\/schema.org\/CreativeWork\" ><h3 class='slide-entry-title entry-title '  itemprop=\"headline\" >GUILLAUME MONVEL<\/h3><\/section><\/div><div class=\"slide-entry-wrap\"><section class='slide-entry av-mnd9oaor-da643c4899c68c24dc9beca90750429f flex_column av_fullwidth post-entry slide-entry-overview slide-loop-4 slide-parity-odd  first'  itemscope=\"itemscope\" itemtype=\"https:\/\/schema.org\/CreativeWork\" ><h3 class='slide-entry-title entry-title '  itemprop=\"headline\" >AMANDINE BENETEAU<\/h3><\/section><\/div><div class=\"slide-entry-wrap\"><section class='slide-entry av-mnd9omqk-91a0ad9abe30bfe7978df00707280788 flex_column av_fullwidth post-entry slide-entry-overview slide-loop-5 slide-parity-odd  first'  itemscope=\"itemscope\" itemtype=\"https:\/\/schema.org\/CreativeWork\" ><h3 class='slide-entry-title entry-title '  itemprop=\"headline\" >MARKOVITCH<\/h3><\/section><\/div><div class=\"slide-entry-wrap\"><section class='slide-entry av-mnd9p101-fd09ce19f935037cc55134b4a88b5f70 flex_column av_fullwidth post-entry slide-entry-overview slide-loop-6 slide-parity-odd  first'  itemscope=\"itemscope\" itemtype=\"https:\/\/schema.org\/CreativeWork\" ><h3 class='slide-entry-title entry-title '  itemprop=\"headline\" >LE TR\u00cbMA<\/h3><\/section><\/div><div class=\"slide-entry-wrap\"><section class='slide-entry av-mnd9p6d4-80392830e1894282fe954cf6e9f42b65 flex_column av_fullwidth post-entry slide-entry-overview slide-loop-7 slide-parity-odd  post-entry-last  first'  itemscope=\"itemscope\" itemtype=\"https:\/\/schema.org\/CreativeWork\" ><h3 class='slide-entry-title entry-title '  itemprop=\"headline\" >NEVA<\/h3><\/section><\/div><\/div><\/div><\/p><\/div>\n","protected":false},"excerpt":{"rendered":"","protected":false},"author":1,"featured_media":0,"parent":0,"menu_order":0,"comment_status":"closed","ping_status":"closed","template":"","meta":{"footnotes":""},"class_list":["post-282","page","type-page","status-publish","hentry"],"yoast_head":"<!-- This site is optimized with the Yoast SEO plugin v27.2 - https:\/\/yoast.com\/product\/yoast-seo-wordpress\/ -->\n<title>LA MISE \u00c0 L&#039;EAU - Wipeout Association<\/title>\n<meta name=\"robots\" content=\"index, follow, max-snippet:-1, max-image-preview:large, max-video-preview:-1\" \/>\n<link rel=\"canonical\" href=\"https:\/\/asso-wipeout.com\/index.php\/la-mise-a-leau\/\" \/>\n<meta property=\"og:locale\" content=\"fr_FR\" \/>\n<meta property=\"og:type\" content=\"article\" \/>\n<meta property=\"og:title\" content=\"LA MISE \u00c0 L&#039;EAU - Wipeout Association\" \/>\n<meta property=\"og:url\" content=\"https:\/\/asso-wipeout.com\/index.php\/la-mise-a-leau\/\" \/>\n<meta property=\"og:site_name\" content=\"Wipeout Association\" \/>\n<meta property=\"article:modified_time\" content=\"2026-03-31T08:51:06+00:00\" \/>\n<meta name=\"twitter:card\" content=\"summary_large_image\" \/>\n<meta name=\"twitter:label1\" content=\"Dur\u00e9e de lecture estim\u00e9e\" \/>\n\t<meta name=\"twitter:data1\" content=\"1 minute\" \/>\n<script type=\"application\/ld+json\" class=\"yoast-schema-graph\">{\"@context\":\"https:\/\/schema.org\",\"@graph\":[{\"@type\":\"WebPage\",\"@id\":\"https:\/\/asso-wipeout.com\/index.php\/la-mise-a-leau\/\",\"url\":\"https:\/\/asso-wipeout.com\/index.php\/la-mise-a-leau\/\",\"name\":\"LA MISE \u00c0 L'EAU - Wipeout Association\",\"isPartOf\":{\"@id\":\"https:\/\/asso-wipeout.com\/#website\"},\"datePublished\":\"2026-03-30T10:48:35+00:00\",\"dateModified\":\"2026-03-31T08:51:06+00:00\",\"breadcrumb\":{\"@id\":\"https:\/\/asso-wipeout.com\/index.php\/la-mise-a-leau\/#breadcrumb\"},\"inLanguage\":\"fr-FR\",\"potentialAction\":[{\"@type\":\"ReadAction\",\"target\":[\"https:\/\/asso-wipeout.com\/index.php\/la-mise-a-leau\/\"]}]},{\"@type\":\"BreadcrumbList\",\"@id\":\"https:\/\/asso-wipeout.com\/index.php\/la-mise-a-leau\/#breadcrumb\",\"itemListElement\":[{\"@type\":\"ListItem\",\"position\":1,\"name\":\"Accueil\",\"item\":\"https:\/\/asso-wipeout.com\/\"},{\"@type\":\"ListItem\",\"position\":2,\"name\":\"LA MISE \u00c0 L&rsquo;EAU\"}]},{\"@type\":\"WebSite\",\"@id\":\"https:\/\/asso-wipeout.com\/#website\",\"url\":\"https:\/\/asso-wipeout.com\/\",\"name\":\"Wipeout Association\",\"description\":\"Rassembler autour de l\u2019oc\u00e9an, du surf et du vivre ensemble\",\"potentialAction\":[{\"@type\":\"SearchAction\",\"target\":{\"@type\":\"EntryPoint\",\"urlTemplate\":\"https:\/\/asso-wipeout.com\/?s={search_term_string}\"},\"query-input\":{\"@type\":\"PropertyValueSpecification\",\"valueRequired\":true,\"valueName\":\"search_term_string\"}}],\"inLanguage\":\"fr-FR\"}]}<\/script>\n<!-- \/ Yoast SEO plugin. -->","yoast_head_json":{"title":"LA MISE \u00c0 L'EAU - Wipeout Association","robots":{"index":"index","follow":"follow","max-snippet":"max-snippet:-1","max-image-preview":"max-image-preview:large","max-video-preview":"max-video-preview:-1"},"canonical":"https:\/\/asso-wipeout.com\/index.php\/la-mise-a-leau\/","og_locale":"fr_FR","og_type":"article","og_title":"LA MISE \u00c0 L'EAU - Wipeout Association","og_url":"https:\/\/asso-wipeout.com\/index.php\/la-mise-a-leau\/","og_site_name":"Wipeout Association","article_modified_time":"2026-03-31T08:51:06+00:00","twitter_card":"summary_large_image","twitter_misc":{"Dur\u00e9e de lecture estim\u00e9e":"1 minute"},"schema":{"@context":"https:\/\/schema.org","@graph":[{"@type":"WebPage","@id":"https:\/\/asso-wipeout.com\/index.php\/la-mise-a-leau\/","url":"https:\/\/asso-wipeout.com\/index.php\/la-mise-a-leau\/","name":"LA MISE \u00c0 L'EAU - Wipeout Association","isPartOf":{"@id":"https:\/\/asso-wipeout.com\/#website"},"datePublished":"2026-03-30T10:48:35+00:00","dateModified":"2026-03-31T08:51:06+00:00","breadcrumb":{"@id":"https:\/\/asso-wipeout.com\/index.php\/la-mise-a-leau\/#breadcrumb"},"inLanguage":"fr-FR","potentialAction":[{"@type":"ReadAction","target":["https:\/\/asso-wipeout.com\/index.php\/la-mise-a-leau\/"]}]},{"@type":"BreadcrumbList","@id":"https:\/\/asso-wipeout.com\/index.php\/la-mise-a-leau\/#breadcrumb","itemListElement":[{"@type":"ListItem","position":1,"name":"Accueil","item":"https:\/\/asso-wipeout.com\/"},{"@type":"ListItem","position":2,"name":"LA MISE \u00c0 L&rsquo;EAU"}]},{"@type":"WebSite","@id":"https:\/\/asso-wipeout.com\/#website","url":"https:\/\/asso-wipeout.com\/","name":"Wipeout Association","description":"Rassembler autour de l\u2019oc\u00e9an, du surf et du vivre ensemble","potentialAction":[{"@type":"SearchAction","target":{"@type":"EntryPoint","urlTemplate":"https:\/\/asso-wipeout.com\/?s={search_term_string}"},"query-input":{"@type":"PropertyValueSpecification","valueRequired":true,"valueName":"search_term_string"}}],"inLanguage":"fr-FR"}]}},"_links":{"self":[{"href":"https:\/\/asso-wipeout.com\/index.php\/wp-json\/wp\/v2\/pages\/282","targetHints":{"allow":["GET"]}}],"collection":[{"href":"https:\/\/asso-wipeout.com\/index.php\/wp-json\/wp\/v2\/pages"}],"about":[{"href":"https:\/\/asso-wipeout.com\/index.php\/wp-json\/wp\/v2\/types\/page"}],"author":[{"embeddable":true,"href":"https:\/\/asso-wipeout.com\/index.php\/wp-json\/wp\/v2\/users\/1"}],"replies":[{"embeddable":true,"href":"https:\/\/asso-wipeout.com\/index.php\/wp-json\/wp\/v2\/comments?post=282"}],"version-history":[{"count":32,"href":"https:\/\/asso-wipeout.com\/index.php\/wp-json\/wp\/v2\/pages\/282\/revisions"}],"predecessor-version":[{"id":464,"href":"https:\/\/asso-wipeout.com\/index.php\/wp-json\/wp\/v2\/pages\/282\/revisions\/464"}],"wp:attachment":[{"href":"https:\/\/asso-wipeout.com\/index.php\/wp-json\/wp\/v2\/media?parent=282"}],"curies":[{"name":"wp","href":"https:\/\/api.w.org\/{rel}","templated":true}]}}