{"id":267,"date":"2026-03-27T10:56:41","date_gmt":"2026-03-27T10:56:41","guid":{"rendered":"https:\/\/asso-wipeout.com\/?page_id=267"},"modified":"2026-03-31T08:52:09","modified_gmt":"2026-03-31T08:52:09","slug":"surf-powher","status":"publish","type":"page","link":"https:\/\/asso-wipeout.com\/index.php\/surf-powher\/","title":{"rendered":"SURF POWHER"},"content":{"rendered":"\n<style type=\"text\/css\" data-created_by=\"avia_inline_auto\" id=\"style-css-av-5xnu2j-2c5895c19a20c65094a4c0dc319300cb\">\n.avia-section.av-5xnu2j-2c5895c19a20c65094a4c0dc319300cb{\nbackground-repeat:no-repeat;\nbackground-image:url(https:\/\/asso-wipeout.com\/wp-content\/uploads\/2026\/03\/surf-powher.jpg);\nbackground-position:50% 50%;\nbackground-attachment:scroll;\nposition:relative;\n}\n.avia-section.av-5xnu2j-2c5895c19a20c65094a4c0dc319300cb .av-section-color-overlay{\nopacity:0.5;\nbackground-image:url(https:\/\/asso-wipeout.com\/wp-content\/themes\/enfold\/images\/background-images\/noise-for-light-background-compressed.png);\nbackground-repeat:repeat;\n}\n.avia-section.av-5xnu2j-2c5895c19a20c65094a4c0dc319300cb .avia-divider-svg-bottom svg{\nheight:50px;\nwidth:calc(293% + 1.3px);\nfill:#ffffff;\n}\n<\/style>\n<div id='av_section_1'  class='avia-section av-5xnu2j-2c5895c19a20c65094a4c0dc319300cb main_color avia-section-default avia-no-border-styling  avia-builder-el-0  avia-builder-el-no-sibling  avia-full-stretch avia-bg-style-scroll av-section-color-overlay-active av-minimum-height av-minimum-height-75 av-height-75  container_wrap fullsize'  data-section-bg-repeat='stretch' data-av_minimum_height_pc='75' data-av_min_height_opt='75'><div class='avia-divider-svg avia-divider-svg-mountains avia-divider-svg-bottom avia-to-front avia-svg-original'><svg xmlns=\"http:\/\/www.w3.org\/2000\/svg\" viewBox=\"0 0 1000 100\" preserveAspectRatio=\"none\">\n\t<path opacity=\"0.33\" d=\"M473,67.3c-203.9,88.3-263.1-34-320.3,0C66,119.1,0,59.7,0,59.7V0h1000v59.7 c0,0-62.1,26.1-94.9,29.3c-32.8,3.3-62.8-12.3-75.8-22.1C806,49.6,745.3,8.7,694.9,4.7S492.4,59,473,67.3z\"\/>\n\t<path opacity=\"0.66\" d=\"M734,67.3c-45.5,0-77.2-23.2-129.1-39.1c-28.6-8.7-150.3-10.1-254,39.1 s-91.7-34.4-149.2,0C115.7,118.3,0,39.8,0,39.8V0h1000v36.5c0,0-28.2-18.5-92.1-18.5C810.2,18.1,775.7,67.3,734,67.3z\"\/>\n\t<path d=\"M766.1,28.9c-200-57.5-266,65.5-395.1,19.5C242,1.8,242,5.4,184.8,20.6C128,35.8,132.3,44.9,89.9,52.5C28.6,63.7,0,0,0,0 h1000c0,0-9.9,40.9-83.6,48.1S829.6,47,766.1,28.9z\"\/>\n<\/svg><\/div><div class=\"av-section-color-overlay-wrap\"><div class=\"av-section-color-overlay\"><\/div><div class='container av-section-cont-open' ><main  role=\"main\" itemprop=\"mainContentOfPage\"  class='template-page content  av-content-full alpha units'><div class='post-entry post-entry-type-page post-entry-267'><div class='entry-content-wrapper clearfix'>\n<div  class='flex_column av-4wouy3-f65bc839d26230089477076f38c97357 av_one_fifth  avia-builder-el-1  el_before_av_one_fifth  avia-builder-el-first  first flex_column_div  '     ><\/div><div  class='flex_column av-5s0cgb-557581f066aeb504f625992112e83945 av_one_fifth  avia-builder-el-2  el_after_av_one_fifth  el_before_av_three_fifth  flex_column_div  '     ><\/div><div  class='flex_column av-5ilf2b-f32e9dd97d7acff849ea37123f42217d av_three_fifth  avia-builder-el-3  el_after_av_one_fifth  avia-builder-el-last  flex_column_div  '     ><p>\n<style type=\"text\/css\" data-created_by=\"avia_inline_auto\" id=\"style-css-av-5bbo83-3a04bc25345747e9881c00da53872ff9\">\n#top .av-special-heading.av-5bbo83-3a04bc25345747e9881c00da53872ff9{\npadding-bottom:10px;\ncolor:#ffffff;\n}\nbody .av-special-heading.av-5bbo83-3a04bc25345747e9881c00da53872ff9 .av-special-heading-tag .heading-char{\nfont-size:25px;\n}\n.av-special-heading.av-5bbo83-3a04bc25345747e9881c00da53872ff9 .special-heading-inner-border{\nborder-color:#ffffff;\n}\n.av-special-heading.av-5bbo83-3a04bc25345747e9881c00da53872ff9 .av-subheading{\nfont-size:30px;\ncolor:#e62c58;\n}\n<\/style>\n<div  class='av-special-heading av-5bbo83-3a04bc25345747e9881c00da53872ff9 av-special-heading-h1 custom-color-heading blockquote modern-quote modern-centered  avia-builder-el-4  el_before_av_buttonrow  avia-builder-el-first '><div class='av_custom_color av-subheading av-subheading_above'><p>11 avril 2026<\/p>\n<\/div><h1 class='av-special-heading-tag '  itemprop=\"headline\"  >SURF POWHER<\/h1><div class=\"special-heading-border\"><div class=\"special-heading-inner-border\"><\/div><\/div><\/div><br \/>\n<div  class='avia-buttonrow-wrap av-57pno3-a64adc673adfd0d1ddde809f68ec4ca8 avia-buttonrow-center  avia-builder-el-5  el_after_av_heading  el_before_av_toggle_container '>\n\n<style type=\"text\/css\" data-created_by=\"avia_inline_auto\" id=\"style-css-av-53ci9f-b7dbdd5984f078e37d34898fe19a0870\">\n#top #wrap_all .avia-button.av-53ci9f-b7dbdd5984f078e37d34898fe19a0870{\nborder-style:solid;\nborder-width:2px 2px 2px 2px;\nborder-color:#ffffff;\nborder-radius:50px 50px 50px 50px;\nbox-shadow: 2px 2px 0px 0px #ffffff;\ntransition:all 0.4s ease-in-out;\nmargin-bottom:5px;\nmargin-right:3px;\nmargin-left:3px;\n}\n#top #wrap_all .avia-button.av-53ci9f-b7dbdd5984f078e37d34898fe19a0870:hover .avia_button_background{\nborder-radius:50px 50px 50px 50px;\n}\n<\/style>\n<a href='https:\/\/www.helloasso.com\/associations\/association-wipe-out\/evenements\/surf-powher'  class='avia-button av-53ci9f-b7dbdd5984f078e37d34898fe19a0870 avia-icon_select-no avia-size-large avia-color-light'   aria-label=\"Inscription\"><span class='avia_iconbox_title' >Inscription<\/span><\/a>\n<\/div><br \/>\n\n<style type=\"text\/css\" data-created_by=\"avia_inline_auto\" id=\"style-css-av-1anyln-069db8529979b8a06dc15f4bb7abc678\">\n#top .togglecontainer.av-1anyln-069db8529979b8a06dc15f4bb7abc678 p.toggler{\nborder-color:#0a0a0a;\n}\n#top .togglecontainer.av-1anyln-069db8529979b8a06dc15f4bb7abc678 .toggle_wrap .toggle_content{\nborder-color:#0a0a0a;\n}\n<\/style>\n<div  class='togglecontainer av-1anyln-069db8529979b8a06dc15f4bb7abc678  avia-builder-el-6  el_after_av_buttonrow  avia-builder-el-last  toggle_close_all' >\n<section class='av_toggle_section av-y9vyj-c4bdde6607469045d79b8e6a9ad8bef9'  itemscope=\"itemscope\" itemtype=\"https:\/\/schema.org\/CreativeWork\" ><div role=\"tablist\" class=\"single_toggle\" data-tags=\"{Tout} \"  ><p id='toggle-toggle-id-1' data-fake-id='#toggle-id-1' class='toggler  av-title-above av-inherit-border-color'  itemprop=\"headline\"  role='tab' tabindex='0' aria-controls='toggle-id-1' data-slide-speed=\"200\" data-title=\"L\u2019\u00c9V\u00c9NEMENT\" data-title-open=\"\" data-aria_collapsed=\"Cliquez pour \u00e9tendre : L\u2019\u00c9V\u00c9NEMENT\" data-aria_expanded=\"Cliquez pour r\u00e9duire : L\u2019\u00c9V\u00c9NEMENT\">L\u2019\u00c9V\u00c9NEMENT<span class=\"toggle_icon\"><span class=\"vert_icon\"><\/span><span class=\"hor_icon\"><\/span><\/span><\/p><div id='toggle-id-1' aria-labelledby='toggle-toggle-id-1' role='region' class='toggle_wrap  av-title-above'  ><div class='toggle_content invers-color av-inherit-border-color'  itemprop=\"text\" ><h5>LE BOIS PLAGE EN R\u00c9 &#8211; PLAGE DE GROS JONC<\/h5>\n<p>SURF POWHER est une journ\u00e9e immersive d\u00e9di\u00e9e aux femmes, pens\u00e9e comme une parenth\u00e8se, un moment intimiste de reconnexion \u00e0 soi, \u00e0 son corps et \u00e0 l\u2019oc\u00e9an, \u00e0 travers des pratiques sportives, artistiques et collectives. Le temps d\u2019une journ\u00e9e, l\u2019objectif est de lib\u00e9rer la charge mentale et physique souvent port\u00e9e par les femmes. Ce temps suspendu vise \u00e0 offrir des outils concrets de bien-\u00eatre, dans un cadre bienveillant et inspirant. La journ\u00e9e se cl\u00f4ture par un moment convivial.<\/p>\n<div class=\"CampaignPresentation Card\" data-testid=\"campaign-presentation\">\n<div class=\"GeneratedContentWrapper\"><\/div>\n<\/div>\n<\/div><\/div><\/div><\/section>\n<section class='av_toggle_section av-10rsub-d255ea12f80e90cce9b1a33c6a123d7c'  itemscope=\"itemscope\" itemtype=\"https:\/\/schema.org\/CreativeWork\" ><div role=\"tablist\" class=\"single_toggle\" data-tags=\"{Tout} \"  ><p id='toggle-toggle-id-2' data-fake-id='#toggle-id-2' class='toggler  av-title-above av-inherit-border-color'  itemprop=\"headline\"  role='tab' tabindex='0' aria-controls='toggle-id-2' data-slide-speed=\"200\" data-title=\"LE PROGRAMME\" data-title-open=\"\" data-aria_collapsed=\"Cliquez pour \u00e9tendre : LE PROGRAMME\" data-aria_expanded=\"Cliquez pour r\u00e9duire : LE PROGRAMME\">LE PROGRAMME<span class=\"toggle_icon\"><span class=\"vert_icon\"><\/span><span class=\"hor_icon\"><\/span><\/span><\/p><div id='toggle-id-2' aria-labelledby='toggle-toggle-id-2' role='region' class='toggle_wrap  av-title-above'  ><div class='toggle_content invers-color av-inherit-border-color'  itemprop=\"text\" ><p>SURF POWHER se veut un espace de sororite\u0301, d\u2019expression libre et de reconnexion, porte\u0301 par des femmes, pour les femmes.<\/p>\n<p>LE PROGRAMME :<\/p>\n<p>10:00 &#8211; Accueil<\/p>\n<p>11:00 &#8211; Miracle Morning &#038; Surf avec Marie Guias et Marie Ancelin *<\/p>\n<p>13:00 &#8211; D\u00e9jeuner<\/p>\n<p>14:00 &#8211; Ateliers empowerment : Aquarelle intuitive avec Neva Givnish \/\/ Art th\u00e9rapie avec \u00d6zlem \/\/ Autoportrait photographique avec Claire<\/p>\n<p>16:00 &#8211; Yoga et m\u00e9ditation avec Eug\u00e9nie Guellec**<\/p>\n<p>17:30 &#8211; Cercle de cl\u00f4ture<\/p>\n<p>________________<\/p>\n<p>18:00 &#8211; Rendez vous \u00e0 La Galerie Derri\u00e8re l&rsquo;Eglise \u00e0 La Couarde sur Mer pour l&rsquo;inauguration de l&rsquo;exposition du WIPE OUT SURF FESTIVAL<\/p>\n<p>* tu n&rsquo;est pas surfeuse ? c&rsquo;est le moment pour toi de le d\u00e9couvrir dans un cadre bienveillant, le mat\u00e9riel peut \u00eatre fourni !<\/p>\n<p>**d\u00e9butante ? c&rsquo;est ok !<\/p>\n<\/div><\/div><\/div><\/section>\n<\/div><\/p><\/div>\n","protected":false},"excerpt":{"rendered":"","protected":false},"author":2,"featured_media":0,"parent":0,"menu_order":0,"comment_status":"closed","ping_status":"closed","template":"","meta":{"footnotes":""},"class_list":["post-267","page","type-page","status-publish","hentry"],"yoast_head":"<!-- This site is optimized with the Yoast SEO plugin v27.2 - https:\/\/yoast.com\/product\/yoast-seo-wordpress\/ -->\n<title>SURF POWHER - Wipeout Association<\/title>\n<meta name=\"robots\" content=\"index, follow, max-snippet:-1, max-image-preview:large, max-video-preview:-1\" \/>\n<link rel=\"canonical\" href=\"https:\/\/asso-wipeout.com\/index.php\/surf-powher\/\" \/>\n<meta property=\"og:locale\" content=\"fr_FR\" \/>\n<meta property=\"og:type\" content=\"article\" \/>\n<meta property=\"og:title\" content=\"SURF POWHER - Wipeout Association\" \/>\n<meta property=\"og:url\" content=\"https:\/\/asso-wipeout.com\/index.php\/surf-powher\/\" \/>\n<meta property=\"og:site_name\" content=\"Wipeout Association\" \/>\n<meta property=\"article:modified_time\" content=\"2026-03-31T08:52:09+00:00\" \/>\n<meta name=\"twitter:card\" content=\"summary_large_image\" \/>\n<meta name=\"twitter:label1\" content=\"Dur\u00e9e de lecture estim\u00e9e\" \/>\n\t<meta name=\"twitter:data1\" content=\"2 minutes\" \/>\n<script type=\"application\/ld+json\" class=\"yoast-schema-graph\">{\"@context\":\"https:\/\/schema.org\",\"@graph\":[{\"@type\":\"WebPage\",\"@id\":\"https:\/\/asso-wipeout.com\/index.php\/surf-powher\/\",\"url\":\"https:\/\/asso-wipeout.com\/index.php\/surf-powher\/\",\"name\":\"SURF POWHER - Wipeout Association\",\"isPartOf\":{\"@id\":\"https:\/\/asso-wipeout.com\/#website\"},\"datePublished\":\"2026-03-27T10:56:41+00:00\",\"dateModified\":\"2026-03-31T08:52:09+00:00\",\"breadcrumb\":{\"@id\":\"https:\/\/asso-wipeout.com\/index.php\/surf-powher\/#breadcrumb\"},\"inLanguage\":\"fr-FR\",\"potentialAction\":[{\"@type\":\"ReadAction\",\"target\":[\"https:\/\/asso-wipeout.com\/index.php\/surf-powher\/\"]}]},{\"@type\":\"BreadcrumbList\",\"@id\":\"https:\/\/asso-wipeout.com\/index.php\/surf-powher\/#breadcrumb\",\"itemListElement\":[{\"@type\":\"ListItem\",\"position\":1,\"name\":\"Accueil\",\"item\":\"https:\/\/asso-wipeout.com\/\"},{\"@type\":\"ListItem\",\"position\":2,\"name\":\"SURF POWHER\"}]},{\"@type\":\"WebSite\",\"@id\":\"https:\/\/asso-wipeout.com\/#website\",\"url\":\"https:\/\/asso-wipeout.com\/\",\"name\":\"Wipeout Association\",\"description\":\"Rassembler autour de l\u2019oc\u00e9an, du surf et du vivre ensemble\",\"potentialAction\":[{\"@type\":\"SearchAction\",\"target\":{\"@type\":\"EntryPoint\",\"urlTemplate\":\"https:\/\/asso-wipeout.com\/?s={search_term_string}\"},\"query-input\":{\"@type\":\"PropertyValueSpecification\",\"valueRequired\":true,\"valueName\":\"search_term_string\"}}],\"inLanguage\":\"fr-FR\"}]}<\/script>\n<!-- \/ Yoast SEO plugin. -->","yoast_head_json":{"title":"SURF POWHER - Wipeout Association","robots":{"index":"index","follow":"follow","max-snippet":"max-snippet:-1","max-image-preview":"max-image-preview:large","max-video-preview":"max-video-preview:-1"},"canonical":"https:\/\/asso-wipeout.com\/index.php\/surf-powher\/","og_locale":"fr_FR","og_type":"article","og_title":"SURF POWHER - Wipeout Association","og_url":"https:\/\/asso-wipeout.com\/index.php\/surf-powher\/","og_site_name":"Wipeout Association","article_modified_time":"2026-03-31T08:52:09+00:00","twitter_card":"summary_large_image","twitter_misc":{"Dur\u00e9e de lecture estim\u00e9e":"2 minutes"},"schema":{"@context":"https:\/\/schema.org","@graph":[{"@type":"WebPage","@id":"https:\/\/asso-wipeout.com\/index.php\/surf-powher\/","url":"https:\/\/asso-wipeout.com\/index.php\/surf-powher\/","name":"SURF POWHER - Wipeout Association","isPartOf":{"@id":"https:\/\/asso-wipeout.com\/#website"},"datePublished":"2026-03-27T10:56:41+00:00","dateModified":"2026-03-31T08:52:09+00:00","breadcrumb":{"@id":"https:\/\/asso-wipeout.com\/index.php\/surf-powher\/#breadcrumb"},"inLanguage":"fr-FR","potentialAction":[{"@type":"ReadAction","target":["https:\/\/asso-wipeout.com\/index.php\/surf-powher\/"]}]},{"@type":"BreadcrumbList","@id":"https:\/\/asso-wipeout.com\/index.php\/surf-powher\/#breadcrumb","itemListElement":[{"@type":"ListItem","position":1,"name":"Accueil","item":"https:\/\/asso-wipeout.com\/"},{"@type":"ListItem","position":2,"name":"SURF POWHER"}]},{"@type":"WebSite","@id":"https:\/\/asso-wipeout.com\/#website","url":"https:\/\/asso-wipeout.com\/","name":"Wipeout Association","description":"Rassembler autour de l\u2019oc\u00e9an, du surf et du vivre ensemble","potentialAction":[{"@type":"SearchAction","target":{"@type":"EntryPoint","urlTemplate":"https:\/\/asso-wipeout.com\/?s={search_term_string}"},"query-input":{"@type":"PropertyValueSpecification","valueRequired":true,"valueName":"search_term_string"}}],"inLanguage":"fr-FR"}]}},"_links":{"self":[{"href":"https:\/\/asso-wipeout.com\/index.php\/wp-json\/wp\/v2\/pages\/267","targetHints":{"allow":["GET"]}}],"collection":[{"href":"https:\/\/asso-wipeout.com\/index.php\/wp-json\/wp\/v2\/pages"}],"about":[{"href":"https:\/\/asso-wipeout.com\/index.php\/wp-json\/wp\/v2\/types\/page"}],"author":[{"embeddable":true,"href":"https:\/\/asso-wipeout.com\/index.php\/wp-json\/wp\/v2\/users\/2"}],"replies":[{"embeddable":true,"href":"https:\/\/asso-wipeout.com\/index.php\/wp-json\/wp\/v2\/comments?post=267"}],"version-history":[{"count":9,"href":"https:\/\/asso-wipeout.com\/index.php\/wp-json\/wp\/v2\/pages\/267\/revisions"}],"predecessor-version":[{"id":465,"href":"https:\/\/asso-wipeout.com\/index.php\/wp-json\/wp\/v2\/pages\/267\/revisions\/465"}],"wp:attachment":[{"href":"https:\/\/asso-wipeout.com\/index.php\/wp-json\/wp\/v2\/media?parent=267"}],"curies":[{"name":"wp","href":"https:\/\/api.w.org\/{rel}","templated":true}]}}